{"id":364,"date":"2021-03-08T10:53:43","date_gmt":"2021-03-08T10:53:43","guid":{"rendered":"http:\/\/dev.aipc.com.br\/?page_id=364"},"modified":"2024-05-28T14:57:42","modified_gmt":"2024-05-28T14:57:42","slug":"historia","status":"publish","type":"page","link":"https:\/\/aipc.com.br\/en\/quem-somos\/historia\/","title":{"rendered":"History"},"content":{"rendered":"<div class=\"fusion-fullwidth fullwidth-box fusion-builder-row-1 fusion-flex-container nonhundred-percent-fullwidth non-hundred-percent-height-scrolling\" style=\"--awb-border-radius-top-left:0px;--awb-border-radius-top-right:0px;--awb-border-radius-bottom-right:0px;--awb-border-radius-bottom-left:0px;--awb-flex-wrap:wrap;\" ><div class=\"fusion-builder-row fusion-row fusion-flex-align-items-flex-start fusion-flex-content-wrap\" style=\"max-width:1248px;margin-left: calc(-4% \/ 2 );margin-right: calc(-4% \/ 2 );\"><div class=\"fusion-layout-column fusion_builder_column fusion-builder-column-0 fusion_builder_column_1_1 1_1 fusion-flex-column\" style=\"--awb-padding-right:10%;--awb-padding-left:10%;--awb-bg-size:cover;--awb-width-large:100%;--awb-margin-top-large:-50px;--awb-spacing-right-large:1.92%;--awb-margin-bottom-large:20px;--awb-spacing-left-large:1.92%;--awb-width-medium:100%;--awb-order-medium:0;--awb-spacing-right-medium:1.92%;--awb-spacing-left-medium:1.92%;--awb-width-small:100%;--awb-order-small:0;--awb-spacing-right-small:1.92%;--awb-spacing-left-small:1.92%;\"><div class=\"fusion-column-wrapper fusion-column-has-shadow fusion-flex-justify-content-flex-start fusion-content-layout-column\"><div class=\"fusion-text fusion-text-1 awb-text-cols fusion-text-columns-2\" style=\"--awb-columns:2;--awb-column-spacing:2.5em;--awb-column-min-width:100px;\"><p style=\"text-align: justify;\">In recent years, the cocoa market has been gaining new momentum. Faced with the challenges and opportunities for growth that this segment presents, the primary cocoa grinding industries saw the need to create an entity that could work for the sector. Thus, in 2004, <strong>the Brazilian Association of Cocoa Processing Industries (AIPC<\/strong>) was born to expand the discussions and foster the development of the entire value chain. The AIPC has since been formed by the companies Barry Callebaut, Cargill, and Olam, and in 2024, there was an expansion to a new associate, IBC. <strong>Together, these companies account for approximately 93% to 95% of the cocoa purchasing and processing in Brazil.\u00a0<\/strong>. The sector represents more than <strong>4,000 direct and indirect jobs<\/strong> and is one of the links in a <strong>chain of more than 120,000 people<\/strong>, including rural producers and chocolate industries. Considering its totality <strong>the sector represents around R$ 23 billion annually in value generated to Brazil.<\/strong>.<\/p>\n<\/div><\/div><\/div><\/div><\/div>","protected":false},"excerpt":{"rendered":"","protected":false},"author":1,"featured_media":0,"parent":362,"menu_order":0,"comment_status":"closed","ping_status":"closed","template":"","meta":{"_coblocks_attr":"","_coblocks_dimensions":"","_coblocks_responsive_height":"","_coblocks_accordion_ie_support":"","footnotes":""},"class_list":["post-364","page","type-page","status-publish","hentry"],"yoast_head":"<!-- This site is optimized with the Yoast SEO plugin v26.7 - https:\/\/yoast.com\/wordpress\/plugins\/seo\/ -->\n<title>Hist\u00f3ria - AIPC \u2013 Associa\u00e7\u00e3o Nacional das Ind\u00fastrias Processadoras de Cacau<\/title>\n<meta name=\"robots\" content=\"index, follow, max-snippet:-1, max-image-preview:large, max-video-preview:-1\" \/>\n<link rel=\"canonical\" href=\"https:\/\/aipc.com.br\/en\/quem-somos\/historia\/\" \/>\n<meta property=\"og:locale\" content=\"en_US\" \/>\n<meta property=\"og:type\" content=\"article\" \/>\n<meta property=\"og:title\" content=\"Hist\u00f3ria - AIPC \u2013 Associa\u00e7\u00e3o Nacional das Ind\u00fastrias Processadoras de Cacau\" \/>\n<meta property=\"og:url\" content=\"https:\/\/aipc.com.br\/en\/quem-somos\/historia\/\" \/>\n<meta property=\"og:site_name\" content=\"AIPC \u2013 Associa\u00e7\u00e3o Nacional das Ind\u00fastrias Processadoras de Cacau\" \/>\n<meta property=\"article:modified_time\" content=\"2024-05-28T14:57:42+00:00\" \/>\n<meta name=\"twitter:card\" content=\"summary_large_image\" \/>\n<meta name=\"twitter:label1\" content=\"Est. reading time\" \/>\n\t<meta name=\"twitter:data1\" content=\"4 minutes\" \/>\n<script type=\"application\/ld+json\" class=\"yoast-schema-graph\">{\"@context\":\"https:\/\/schema.org\",\"@graph\":[{\"@type\":\"WebPage\",\"@id\":\"https:\/\/aipc.com.br\/quem-somos\/historia\/\",\"url\":\"https:\/\/aipc.com.br\/quem-somos\/historia\/\",\"name\":\"Hist\u00f3ria - AIPC \u2013 Associa\u00e7\u00e3o Nacional das Ind\u00fastrias Processadoras de Cacau\",\"isPartOf\":{\"@id\":\"https:\/\/aipc.com.br\/#website\"},\"datePublished\":\"2021-03-08T10:53:43+00:00\",\"dateModified\":\"2024-05-28T14:57:42+00:00\",\"breadcrumb\":{\"@id\":\"https:\/\/aipc.com.br\/quem-somos\/historia\/#breadcrumb\"},\"inLanguage\":\"en-US\",\"potentialAction\":[{\"@type\":\"ReadAction\",\"target\":[\"https:\/\/aipc.com.br\/quem-somos\/historia\/\"]}]},{\"@type\":\"BreadcrumbList\",\"@id\":\"https:\/\/aipc.com.br\/quem-somos\/historia\/#breadcrumb\",\"itemListElement\":[{\"@type\":\"ListItem\",\"position\":1,\"name\":\"In\u00edcio\",\"item\":\"https:\/\/aipc.com.br\/\"},{\"@type\":\"ListItem\",\"position\":2,\"name\":\"Quem somos\",\"item\":\"https:\/\/aipc.com.br\/quem-somos\/\"},{\"@type\":\"ListItem\",\"position\":3,\"name\":\"Hist\u00f3ria\"}]},{\"@type\":\"WebSite\",\"@id\":\"https:\/\/aipc.com.br\/#website\",\"url\":\"https:\/\/aipc.com.br\/\",\"name\":\"AIPC\",\"description\":\"\",\"publisher\":{\"@id\":\"https:\/\/aipc.com.br\/#organization\"},\"potentialAction\":[{\"@type\":\"SearchAction\",\"target\":{\"@type\":\"EntryPoint\",\"urlTemplate\":\"https:\/\/aipc.com.br\/?s={search_term_string}\"},\"query-input\":{\"@type\":\"PropertyValueSpecification\",\"valueRequired\":true,\"valueName\":\"search_term_string\"}}],\"inLanguage\":\"en-US\"},{\"@type\":\"Organization\",\"@id\":\"https:\/\/aipc.com.br\/#organization\",\"name\":\"AIPC\",\"url\":\"https:\/\/aipc.com.br\/\",\"logo\":{\"@type\":\"ImageObject\",\"inLanguage\":\"en-US\",\"@id\":\"https:\/\/aipc.com.br\/#\/schema\/logo\/image\/\",\"url\":\"http:\/\/dev.aipc.com.br\/wp-content\/uploads\/2021\/02\/Logotipo-AIPC_2-1.png\",\"contentUrl\":\"http:\/\/dev.aipc.com.br\/wp-content\/uploads\/2021\/02\/Logotipo-AIPC_2-1.png\",\"width\":2676,\"height\":2480,\"caption\":\"AIPC\"},\"image\":{\"@id\":\"https:\/\/aipc.com.br\/#\/schema\/logo\/image\/\"}}]}<\/script>\n<!-- \/ Yoast SEO plugin. -->","yoast_head_json":{"title":"Hist\u00f3ria - AIPC \u2013 Associa\u00e7\u00e3o Nacional das Ind\u00fastrias Processadoras de Cacau","robots":{"index":"index","follow":"follow","max-snippet":"max-snippet:-1","max-image-preview":"max-image-preview:large","max-video-preview":"max-video-preview:-1"},"canonical":"https:\/\/aipc.com.br\/en\/quem-somos\/historia\/","og_locale":"en_US","og_type":"article","og_title":"Hist\u00f3ria - AIPC \u2013 Associa\u00e7\u00e3o Nacional das Ind\u00fastrias Processadoras de Cacau","og_url":"https:\/\/aipc.com.br\/en\/quem-somos\/historia\/","og_site_name":"AIPC \u2013 Associa\u00e7\u00e3o Nacional das Ind\u00fastrias Processadoras de Cacau","article_modified_time":"2024-05-28T14:57:42+00:00","twitter_card":"summary_large_image","twitter_misc":{"Est. reading time":"4 minutes"},"schema":{"@context":"https:\/\/schema.org","@graph":[{"@type":"WebPage","@id":"https:\/\/aipc.com.br\/quem-somos\/historia\/","url":"https:\/\/aipc.com.br\/quem-somos\/historia\/","name":"Hist\u00f3ria - AIPC \u2013 Associa\u00e7\u00e3o Nacional das Ind\u00fastrias Processadoras de Cacau","isPartOf":{"@id":"https:\/\/aipc.com.br\/#website"},"datePublished":"2021-03-08T10:53:43+00:00","dateModified":"2024-05-28T14:57:42+00:00","breadcrumb":{"@id":"https:\/\/aipc.com.br\/quem-somos\/historia\/#breadcrumb"},"inLanguage":"en-US","potentialAction":[{"@type":"ReadAction","target":["https:\/\/aipc.com.br\/quem-somos\/historia\/"]}]},{"@type":"BreadcrumbList","@id":"https:\/\/aipc.com.br\/quem-somos\/historia\/#breadcrumb","itemListElement":[{"@type":"ListItem","position":1,"name":"In\u00edcio","item":"https:\/\/aipc.com.br\/"},{"@type":"ListItem","position":2,"name":"Quem somos","item":"https:\/\/aipc.com.br\/quem-somos\/"},{"@type":"ListItem","position":3,"name":"Hist\u00f3ria"}]},{"@type":"WebSite","@id":"https:\/\/aipc.com.br\/#website","url":"https:\/\/aipc.com.br\/","name":"AIPC","description":"","publisher":{"@id":"https:\/\/aipc.com.br\/#organization"},"potentialAction":[{"@type":"SearchAction","target":{"@type":"EntryPoint","urlTemplate":"https:\/\/aipc.com.br\/?s={search_term_string}"},"query-input":{"@type":"PropertyValueSpecification","valueRequired":true,"valueName":"search_term_string"}}],"inLanguage":"en-US"},{"@type":"Organization","@id":"https:\/\/aipc.com.br\/#organization","name":"AIPC","url":"https:\/\/aipc.com.br\/","logo":{"@type":"ImageObject","inLanguage":"en-US","@id":"https:\/\/aipc.com.br\/#\/schema\/logo\/image\/","url":"http:\/\/dev.aipc.com.br\/wp-content\/uploads\/2021\/02\/Logotipo-AIPC_2-1.png","contentUrl":"http:\/\/dev.aipc.com.br\/wp-content\/uploads\/2021\/02\/Logotipo-AIPC_2-1.png","width":2676,"height":2480,"caption":"AIPC"},"image":{"@id":"https:\/\/aipc.com.br\/#\/schema\/logo\/image\/"}}]}},"_links":{"self":[{"href":"https:\/\/aipc.com.br\/en\/wp-json\/wp\/v2\/pages\/364","targetHints":{"allow":["GET"]}}],"collection":[{"href":"https:\/\/aipc.com.br\/en\/wp-json\/wp\/v2\/pages"}],"about":[{"href":"https:\/\/aipc.com.br\/en\/wp-json\/wp\/v2\/types\/page"}],"author":[{"embeddable":true,"href":"https:\/\/aipc.com.br\/en\/wp-json\/wp\/v2\/users\/1"}],"replies":[{"embeddable":true,"href":"https:\/\/aipc.com.br\/en\/wp-json\/wp\/v2\/comments?post=364"}],"version-history":[{"count":9,"href":"https:\/\/aipc.com.br\/en\/wp-json\/wp\/v2\/pages\/364\/revisions"}],"predecessor-version":[{"id":5791,"href":"https:\/\/aipc.com.br\/en\/wp-json\/wp\/v2\/pages\/364\/revisions\/5791"}],"up":[{"embeddable":true,"href":"https:\/\/aipc.com.br\/en\/wp-json\/wp\/v2\/pages\/362"}],"wp:attachment":[{"href":"https:\/\/aipc.com.br\/en\/wp-json\/wp\/v2\/media?parent=364"}],"curies":[{"name":"wp","href":"https:\/\/api.w.org\/{rel}","templated":true}]}}