{"id":366,"date":"2021-03-08T10:54:49","date_gmt":"2021-03-08T10:54:49","guid":{"rendered":"http:\/\/dev.aipc.com.br\/?page_id=366"},"modified":"2024-02-05T20:14:09","modified_gmt":"2024-02-05T20:14:09","slug":"a-cadeia-do-cacau","status":"publish","type":"page","link":"https:\/\/aipc.com.br\/en\/quem-somos\/a-cadeia-do-cacau\/","title":{"rendered":"The Cocoa Supply Chain"},"content":{"rendered":"<div class=\"fusion-fullwidth fullwidth-box fusion-builder-row-1 fusion-flex-container nonhundred-percent-fullwidth non-hundred-percent-height-scrolling\" style=\"--awb-border-radius-top-left:0px;--awb-border-radius-top-right:0px;--awb-border-radius-bottom-right:0px;--awb-border-radius-bottom-left:0px;--awb-flex-wrap:wrap;\" ><div class=\"fusion-builder-row fusion-row fusion-flex-align-items-flex-start fusion-flex-content-wrap\" style=\"max-width:1248px;margin-left: calc(-4% \/ 2 );margin-right: calc(-4% \/ 2 );\"><div class=\"fusion-layout-column fusion_builder_column fusion-builder-column-0 fusion_builder_column_1_1 1_1 fusion-flex-column\" style=\"--awb-bg-size:cover;--awb-width-large:100%;--awb-margin-top-large:-15px;--awb-spacing-right-large:1.92%;--awb-margin-bottom-large:20px;--awb-spacing-left-large:1.92%;--awb-width-medium:100%;--awb-order-medium:0;--awb-spacing-right-medium:1.92%;--awb-spacing-left-medium:1.92%;--awb-width-small:100%;--awb-order-small:0;--awb-spacing-right-small:1.92%;--awb-spacing-left-small:1.92%;\"><div class=\"fusion-column-wrapper fusion-column-has-shadow fusion-flex-justify-content-flex-start fusion-content-layout-column\"><div class=\"fusion-text fusion-text-1 awb-text-cols fusion-text-columns-2\" style=\"--awb-columns:2;--awb-column-spacing:2em;--awb-column-min-width:100px;\"><p>A native Brazilian fruit, cocoa is a true national wealth. Its production, mainly concentrated in the states of Bahia, Par\u00e1, Esp\u00edrito Santo and Rond\u00f4nia, contributes to the generation of income for more than 93 thousand producers, most of them smallholders, who practice family farming in areas ranging from 5 to 10 hectares on average. The sector still generates about 200 thousand direct and indirect jobs, in all productive links, from the field to the hands of the final consumer, transformed into chocolates, cookies, cake mixes, drinks, and even cosmetics.<\/p>\n<p>Although Brazil is currently only the 6th largest cocoa producer in the world, the country has a significant market advantage. It is the only producing country encompassing the entire production chain within its territory, from the producer to the end consumer. This chain generates over R$ 21 billion in annual revenue for the country, making it an essential segment of Brazilian agribusiness because it contributes to foreign exchange, provides income for producers, creates jobs, and delivers quality products. Learn more about the Brazilian cocoa production chain in the infographic below:<\/p>\n<\/div><div class=\"fusion-image-element\" style=\"--awb-caption-title-font-family:var(--h2_typography-font-family);--awb-caption-title-font-weight:var(--h2_typography-font-weight);--awb-caption-title-font-style:var(--h2_typography-font-style);--awb-caption-title-size:var(--h2_typography-font-size);--awb-caption-title-transform:var(--h2_typography-text-transform);--awb-caption-title-line-height:var(--h2_typography-line-height);--awb-caption-title-letter-spacing:var(--h2_typography-letter-spacing);\"><span class=\"fusion-imageframe imageframe-none imageframe-1 hover-type-none\"><img decoding=\"async\" width=\"2500\" height=\"1371\" title=\"Info Cadeia Produtiva V4\" src=\"https:\/\/aipc.com.br\/wp-content\/uploads\/2021\/05\/cocoa-supply-chain.png\" alt class=\"img-responsive wp-image-1235\" srcset=\"https:\/\/aipc.com.br\/wp-content\/uploads\/2021\/05\/cocoa-supply-chain-200x110.png 200w, https:\/\/aipc.com.br\/wp-content\/uploads\/2021\/05\/cocoa-supply-chain-300x165.png 300w, https:\/\/aipc.com.br\/wp-content\/uploads\/2021\/05\/cocoa-supply-chain-400x220.png 400w, https:\/\/aipc.com.br\/wp-content\/uploads\/2021\/05\/cocoa-supply-chain-600x329.png 600w, https:\/\/aipc.com.br\/wp-content\/uploads\/2021\/05\/cocoa-supply-chain-768x422.png 768w, https:\/\/aipc.com.br\/wp-content\/uploads\/2021\/05\/cocoa-supply-chain-800x439.png 800w, https:\/\/aipc.com.br\/wp-content\/uploads\/2021\/05\/cocoa-supply-chain-1024x562.png 1024w, https:\/\/aipc.com.br\/wp-content\/uploads\/2021\/05\/cocoa-supply-chain-1200x659.png 1200w, https:\/\/aipc.com.br\/wp-content\/uploads\/2021\/05\/cocoa-supply-chain-1536x843.png 1536w, https:\/\/aipc.com.br\/wp-content\/uploads\/2021\/05\/cocoa-supply-chain.png 2560w\" sizes=\"(max-width: 640px) 100vw, 1200px\" \/><\/span><\/div><\/div><\/div><\/div><\/div>","protected":false},"excerpt":{"rendered":"","protected":false},"author":1,"featured_media":0,"parent":362,"menu_order":0,"comment_status":"closed","ping_status":"closed","template":"","meta":{"_coblocks_attr":"","_coblocks_dimensions":"","_coblocks_responsive_height":"","_coblocks_accordion_ie_support":"","footnotes":""},"class_list":["post-366","page","type-page","status-publish","hentry"],"yoast_head":"<!-- This site is optimized with the Yoast SEO plugin v26.7 - https:\/\/yoast.com\/wordpress\/plugins\/seo\/ -->\n<title>A Cadeia do Cacau - AIPC \u2013 Associa\u00e7\u00e3o Nacional das Ind\u00fastrias Processadoras de Cacau<\/title>\n<meta name=\"robots\" content=\"index, follow, max-snippet:-1, max-image-preview:large, max-video-preview:-1\" \/>\n<link rel=\"canonical\" href=\"https:\/\/aipc.com.br\/en\/quem-somos\/a-cadeia-do-cacau\/\" \/>\n<meta property=\"og:locale\" content=\"en_US\" \/>\n<meta property=\"og:type\" content=\"article\" \/>\n<meta property=\"og:title\" content=\"A Cadeia do Cacau - AIPC \u2013 Associa\u00e7\u00e3o Nacional das Ind\u00fastrias Processadoras de Cacau\" \/>\n<meta property=\"og:url\" content=\"https:\/\/aipc.com.br\/en\/quem-somos\/a-cadeia-do-cacau\/\" \/>\n<meta property=\"og:site_name\" content=\"AIPC \u2013 Associa\u00e7\u00e3o Nacional das Ind\u00fastrias Processadoras de Cacau\" \/>\n<meta property=\"article:modified_time\" content=\"2024-02-05T20:14:09+00:00\" \/>\n<meta name=\"twitter:card\" content=\"summary_large_image\" \/>\n<meta name=\"twitter:label1\" content=\"Est. reading time\" \/>\n\t<meta name=\"twitter:data1\" content=\"5 minutes\" \/>\n<script type=\"application\/ld+json\" class=\"yoast-schema-graph\">{\"@context\":\"https:\/\/schema.org\",\"@graph\":[{\"@type\":\"WebPage\",\"@id\":\"https:\/\/aipc.com.br\/en\/quem-somos\/a-cadeia-do-cacau\/\",\"url\":\"https:\/\/aipc.com.br\/en\/quem-somos\/a-cadeia-do-cacau\/\",\"name\":\"A Cadeia do Cacau - AIPC \u2013 Associa\u00e7\u00e3o Nacional das Ind\u00fastrias Processadoras de Cacau\",\"isPartOf\":{\"@id\":\"https:\/\/aipc.com.br\/#website\"},\"datePublished\":\"2021-03-08T10:54:49+00:00\",\"dateModified\":\"2024-02-05T20:14:09+00:00\",\"breadcrumb\":{\"@id\":\"https:\/\/aipc.com.br\/en\/quem-somos\/a-cadeia-do-cacau\/#breadcrumb\"},\"inLanguage\":\"en-US\",\"potentialAction\":[{\"@type\":\"ReadAction\",\"target\":[\"https:\/\/aipc.com.br\/en\/quem-somos\/a-cadeia-do-cacau\/\"]}]},{\"@type\":\"BreadcrumbList\",\"@id\":\"https:\/\/aipc.com.br\/en\/quem-somos\/a-cadeia-do-cacau\/#breadcrumb\",\"itemListElement\":[{\"@type\":\"ListItem\",\"position\":1,\"name\":\"In\u00edcio\",\"item\":\"https:\/\/aipc.com.br\/\"},{\"@type\":\"ListItem\",\"position\":2,\"name\":\"Quem somos\",\"item\":\"https:\/\/aipc.com.br\/quem-somos\/\"},{\"@type\":\"ListItem\",\"position\":3,\"name\":\"A Cadeia do Cacau\"}]},{\"@type\":\"WebSite\",\"@id\":\"https:\/\/aipc.com.br\/#website\",\"url\":\"https:\/\/aipc.com.br\/\",\"name\":\"AIPC\",\"description\":\"\",\"publisher\":{\"@id\":\"https:\/\/aipc.com.br\/#organization\"},\"potentialAction\":[{\"@type\":\"SearchAction\",\"target\":{\"@type\":\"EntryPoint\",\"urlTemplate\":\"https:\/\/aipc.com.br\/?s={search_term_string}\"},\"query-input\":{\"@type\":\"PropertyValueSpecification\",\"valueRequired\":true,\"valueName\":\"search_term_string\"}}],\"inLanguage\":\"en-US\"},{\"@type\":\"Organization\",\"@id\":\"https:\/\/aipc.com.br\/#organization\",\"name\":\"AIPC\",\"url\":\"https:\/\/aipc.com.br\/\",\"logo\":{\"@type\":\"ImageObject\",\"inLanguage\":\"en-US\",\"@id\":\"https:\/\/aipc.com.br\/#\/schema\/logo\/image\/\",\"url\":\"http:\/\/dev.aipc.com.br\/wp-content\/uploads\/2021\/02\/Logotipo-AIPC_2-1.png\",\"contentUrl\":\"http:\/\/dev.aipc.com.br\/wp-content\/uploads\/2021\/02\/Logotipo-AIPC_2-1.png\",\"width\":2676,\"height\":2480,\"caption\":\"AIPC\"},\"image\":{\"@id\":\"https:\/\/aipc.com.br\/#\/schema\/logo\/image\/\"}}]}<\/script>\n<!-- \/ Yoast SEO plugin. -->","yoast_head_json":{"title":"A Cadeia do Cacau - AIPC \u2013 Associa\u00e7\u00e3o Nacional das Ind\u00fastrias Processadoras de Cacau","robots":{"index":"index","follow":"follow","max-snippet":"max-snippet:-1","max-image-preview":"max-image-preview:large","max-video-preview":"max-video-preview:-1"},"canonical":"https:\/\/aipc.com.br\/en\/quem-somos\/a-cadeia-do-cacau\/","og_locale":"en_US","og_type":"article","og_title":"A Cadeia do Cacau - AIPC \u2013 Associa\u00e7\u00e3o Nacional das Ind\u00fastrias Processadoras de Cacau","og_url":"https:\/\/aipc.com.br\/en\/quem-somos\/a-cadeia-do-cacau\/","og_site_name":"AIPC \u2013 Associa\u00e7\u00e3o Nacional das Ind\u00fastrias Processadoras de Cacau","article_modified_time":"2024-02-05T20:14:09+00:00","twitter_card":"summary_large_image","twitter_misc":{"Est. reading time":"5 minutes"},"schema":{"@context":"https:\/\/schema.org","@graph":[{"@type":"WebPage","@id":"https:\/\/aipc.com.br\/en\/quem-somos\/a-cadeia-do-cacau\/","url":"https:\/\/aipc.com.br\/en\/quem-somos\/a-cadeia-do-cacau\/","name":"A Cadeia do Cacau - AIPC \u2013 Associa\u00e7\u00e3o Nacional das Ind\u00fastrias Processadoras de Cacau","isPartOf":{"@id":"https:\/\/aipc.com.br\/#website"},"datePublished":"2021-03-08T10:54:49+00:00","dateModified":"2024-02-05T20:14:09+00:00","breadcrumb":{"@id":"https:\/\/aipc.com.br\/en\/quem-somos\/a-cadeia-do-cacau\/#breadcrumb"},"inLanguage":"en-US","potentialAction":[{"@type":"ReadAction","target":["https:\/\/aipc.com.br\/en\/quem-somos\/a-cadeia-do-cacau\/"]}]},{"@type":"BreadcrumbList","@id":"https:\/\/aipc.com.br\/en\/quem-somos\/a-cadeia-do-cacau\/#breadcrumb","itemListElement":[{"@type":"ListItem","position":1,"name":"In\u00edcio","item":"https:\/\/aipc.com.br\/"},{"@type":"ListItem","position":2,"name":"Quem somos","item":"https:\/\/aipc.com.br\/quem-somos\/"},{"@type":"ListItem","position":3,"name":"A Cadeia do Cacau"}]},{"@type":"WebSite","@id":"https:\/\/aipc.com.br\/#website","url":"https:\/\/aipc.com.br\/","name":"AIPC","description":"","publisher":{"@id":"https:\/\/aipc.com.br\/#organization"},"potentialAction":[{"@type":"SearchAction","target":{"@type":"EntryPoint","urlTemplate":"https:\/\/aipc.com.br\/?s={search_term_string}"},"query-input":{"@type":"PropertyValueSpecification","valueRequired":true,"valueName":"search_term_string"}}],"inLanguage":"en-US"},{"@type":"Organization","@id":"https:\/\/aipc.com.br\/#organization","name":"AIPC","url":"https:\/\/aipc.com.br\/","logo":{"@type":"ImageObject","inLanguage":"en-US","@id":"https:\/\/aipc.com.br\/#\/schema\/logo\/image\/","url":"http:\/\/dev.aipc.com.br\/wp-content\/uploads\/2021\/02\/Logotipo-AIPC_2-1.png","contentUrl":"http:\/\/dev.aipc.com.br\/wp-content\/uploads\/2021\/02\/Logotipo-AIPC_2-1.png","width":2676,"height":2480,"caption":"AIPC"},"image":{"@id":"https:\/\/aipc.com.br\/#\/schema\/logo\/image\/"}}]}},"_links":{"self":[{"href":"https:\/\/aipc.com.br\/en\/wp-json\/wp\/v2\/pages\/366","targetHints":{"allow":["GET"]}}],"collection":[{"href":"https:\/\/aipc.com.br\/en\/wp-json\/wp\/v2\/pages"}],"about":[{"href":"https:\/\/aipc.com.br\/en\/wp-json\/wp\/v2\/types\/page"}],"author":[{"embeddable":true,"href":"https:\/\/aipc.com.br\/en\/wp-json\/wp\/v2\/users\/1"}],"replies":[{"embeddable":true,"href":"https:\/\/aipc.com.br\/en\/wp-json\/wp\/v2\/comments?post=366"}],"version-history":[{"count":8,"href":"https:\/\/aipc.com.br\/en\/wp-json\/wp\/v2\/pages\/366\/revisions"}],"predecessor-version":[{"id":5623,"href":"https:\/\/aipc.com.br\/en\/wp-json\/wp\/v2\/pages\/366\/revisions\/5623"}],"up":[{"embeddable":true,"href":"https:\/\/aipc.com.br\/en\/wp-json\/wp\/v2\/pages\/362"}],"wp:attachment":[{"href":"https:\/\/aipc.com.br\/en\/wp-json\/wp\/v2\/media?parent=366"}],"curies":[{"name":"wp","href":"https:\/\/api.w.org\/{rel}","templated":true}]}}