{"id":368,"date":"2021-03-08T10:55:22","date_gmt":"2021-03-08T10:55:22","guid":{"rendered":"http:\/\/dev.aipc.com.br\/?page_id=368"},"modified":"2025-01-30T05:00:23","modified_gmt":"2025-01-30T05:00:23","slug":"equipe","status":"publish","type":"page","link":"https:\/\/aipc.com.br\/en\/quem-somos\/equipe\/","title":{"rendered":"Team"},"content":{"rendered":"<p><div class=\"fusion-fullwidth fullwidth-box fusion-builder-row-1 fusion-flex-container nonhundred-percent-fullwidth non-hundred-percent-height-scrolling\" style=\"--awb-border-radius-top-left:0px;--awb-border-radius-top-right:0px;--awb-border-radius-bottom-right:0px;--awb-border-radius-bottom-left:0px;--awb-padding-left:60px;--awb-flex-wrap:wrap;\" ><div class=\"fusion-builder-row fusion-row fusion-flex-align-items-flex-start fusion-flex-content-wrap\" style=\"max-width:1248px;margin-left: calc(-4% \/ 2 );margin-right: calc(-4% \/ 2 );\"><div class=\"fusion-layout-column fusion_builder_column fusion-builder-column-0 fusion_builder_column_1_6 1_6 fusion-flex-column fusion-flex-align-self-center\" style=\"--awb-bg-size:cover;--awb-width-large:16.666666666667%;--awb-margin-top-large:-15px;--awb-spacing-right-large:11.52%;--awb-margin-bottom-large:20px;--awb-spacing-left-large:11.52%;--awb-width-medium:16.666666666667%;--awb-order-medium:0;--awb-spacing-right-medium:11.52%;--awb-spacing-left-medium:11.52%;--awb-width-small:100%;--awb-order-small:0;--awb-spacing-right-small:1.92%;--awb-spacing-left-small:1.92%;\" data-motion-effects=\"[{&quot;type&quot;:&quot;&quot;,&quot;scroll_type&quot;:&quot;transition&quot;,&quot;scroll_direction&quot;:&quot;up&quot;,&quot;transition_speed&quot;:&quot;1&quot;,&quot;fade_type&quot;:&quot;in&quot;,&quot;scale_type&quot;:&quot;up&quot;,&quot;initial_scale&quot;:&quot;1&quot;,&quot;max_scale&quot;:&quot;1.5&quot;,&quot;min_scale&quot;:&quot;0.5&quot;,&quot;initial_rotate&quot;:&quot;0&quot;,&quot;end_rotate&quot;:&quot;30&quot;,&quot;initial_blur&quot;:&quot;0&quot;,&quot;end_blur&quot;:&quot;3&quot;,&quot;start_element&quot;:&quot;top&quot;,&quot;start_viewport&quot;:&quot;bottom&quot;,&quot;end_element&quot;:&quot;bottom&quot;,&quot;end_viewport&quot;:&quot;top&quot;,&quot;mouse_effect&quot;:&quot;track&quot;,&quot;mouse_effect_direction&quot;:&quot;opposite&quot;,&quot;mouse_effect_speed&quot;:&quot;2&quot;,&quot;infinite_animation&quot;:&quot;float&quot;,&quot;infinite_animation_speed&quot;:&quot;2&quot;}]\" data-scroll-devices=\"small-visibility,medium-visibility,large-visibility\"><div class=\"fusion-column-wrapper fusion-column-has-shadow fusion-flex-justify-content-flex-start fusion-content-layout-column\"><div class=\"fusion-image-element\" style=\"--awb-caption-title-font-family:var(--h2_typography-font-family);--awb-caption-title-font-weight:var(--h2_typography-font-weight);--awb-caption-title-font-style:var(--h2_typography-font-style);--awb-caption-title-size:var(--h2_typography-font-size);--awb-caption-title-transform:var(--h2_typography-text-transform);--awb-caption-title-line-height:var(--h2_typography-line-height);--awb-caption-title-letter-spacing:var(--h2_typography-letter-spacing);\"><span class=\"fusion-imageframe imageframe-none imageframe-1 hover-type-none\"><img decoding=\"async\" width=\"64\" height=\"64\" title=\"equipe\" src=\"https:\/\/aipc.com.br\/wp-content\/uploads\/2025\/01\/equipe.png\" alt class=\"img-responsive wp-image-5964\" srcset=\"https:\/\/aipc.com.br\/wp-content\/uploads\/2025\/01\/equipe-12x12.png 12w, https:\/\/aipc.com.br\/wp-content\/uploads\/2025\/01\/equipe.png 64w\" sizes=\"(max-width: 64px) 100vw, 64px\" \/><\/span><\/div><\/div><\/div><div class=\"fusion-layout-column fusion_builder_column fusion-builder-column-1 fusion_builder_column_1_6 1_6 fusion-flex-column\" style=\"--awb-bg-size:cover;--awb-width-large:16.666666666667%;--awb-margin-top-large:0px;--awb-spacing-right-large:-20px;--awb-margin-bottom-large:20px;--awb-spacing-left-large:-50px;--awb-width-medium:16.666666666667%;--awb-order-medium:0;--awb-spacing-right-medium:-20px;--awb-spacing-left-medium:-50px;--awb-width-small:100%;--awb-order-small:0;--awb-spacing-right-small:1.92%;--awb-spacing-left-small:1.92%;\"><div class=\"fusion-column-wrapper fusion-column-has-shadow fusion-flex-justify-content-flex-start fusion-content-layout-column\"><div class=\"fusion-title title fusion-title-1 fusion-sep-none fusion-title-text fusion-title-size-one\" style=\"--awb-text-color:#824300;--awb-font-size:40px;\"><h1 class=\"fusion-title-heading title-heading-left\" style=\"font-family:&quot;Asap&quot;;font-style:normal;font-weight:700;margin:0;font-size:1em;\">Team<\/h1><\/div><\/div><\/div><\/div><\/div><div class=\"fusion-fullwidth fullwidth-box fusion-builder-row-2 fusion-flex-container nonhundred-percent-fullwidth non-hundred-percent-height-scrolling\" style=\"--awb-border-radius-top-left:0px;--awb-border-radius-top-right:0px;--awb-border-radius-bottom-right:0px;--awb-border-radius-bottom-left:0px;--awb-margin-top:30px;--awb-flex-wrap:wrap;\" ><div class=\"fusion-builder-row fusion-row fusion-flex-align-items-flex-start fusion-flex-content-wrap\" style=\"max-width:1248px;margin-left: calc(-4% \/ 2 );margin-right: calc(-4% \/ 2 );\"><div class=\"fusion-layout-column fusion_builder_column fusion-builder-column-2 fusion_builder_column_1_3 1_3 fusion-flex-column\" style=\"--awb-bg-size:cover;--awb-width-large:33.333333333333%;--awb-margin-top-large:0px;--awb-spacing-right-large:5.76%;--awb-margin-bottom-large:20px;--awb-spacing-left-large:5.76%;--awb-width-medium:33.333333333333%;--awb-order-medium:0;--awb-spacing-right-medium:5.76%;--awb-spacing-left-medium:5.76%;--awb-width-small:100%;--awb-order-small:0;--awb-spacing-right-small:1.92%;--awb-spacing-left-small:1.92%;\"><div class=\"fusion-column-wrapper fusion-column-has-shadow fusion-flex-justify-content-flex-start fusion-content-layout-column\"><div class=\"fusion-person person fusion-person-center fusion-person-1 fusion-person-icon-bottom\" style=\"--awb-pic-style-color:#000000;--awb-pic-borderradius:0px;--awb-margin-top:0px;--awb-margin-right:0px;--awb-margin-bottom:0px;--awb-margin-left:0px;--awb-social-box-border-top:0px;--awb-social-box-border-right:0px;--awb-social-box-border-bottom:0px;--awb-social-box-border-left:0px;--awb-social-box-border-color:var(--awb-color3);--awb-social-box-border-color-hover:var(--awb-color4);--awb-social-box-colors-hover:rgba(242,243,245,0.8);--awb-social-icon-boxed-colors:#ef841a;--awb-social-icon-colors:#ffffff;--awb-social-icon-colors-hover:rgba(158,160,164,0.8);\"><div class=\"person-shortcode-image-wrapper\"><div class=\"person-image-container hover-type-none\" style=\"border:0px solid #e2e2e2;-webkit-border-radius:0px;-moz-border-radius:0px;border-radius:0px;\"><img decoding=\"async\" class=\"person-img img-responsive wp-image-5956\" width=\"272\" height=\"300\" src=\"https:\/\/aipc.com.br\/wp-content\/uploads\/2025\/01\/WhatsApp-Image-2025-01-20-at-15.53.17-272x300.jpeg\" alt=\"ANNA PAULA LOSI\" srcset=\"https:\/\/aipc.com.br\/wp-content\/uploads\/2025\/01\/WhatsApp-Image-2025-01-20-at-15.53.17-200x221.jpeg 200w, https:\/\/aipc.com.br\/wp-content\/uploads\/2025\/01\/WhatsApp-Image-2025-01-20-at-15.53.17-400x441.jpeg 400w, https:\/\/aipc.com.br\/wp-content\/uploads\/2025\/01\/WhatsApp-Image-2025-01-20-at-15.53.17-600x662.jpeg 600w, https:\/\/aipc.com.br\/wp-content\/uploads\/2025\/01\/WhatsApp-Image-2025-01-20-at-15.53.17-800x883.jpeg 800w, https:\/\/aipc.com.br\/wp-content\/uploads\/2025\/01\/WhatsApp-Image-2025-01-20-at-15.53.17-1200x1324.jpeg 1200w, https:\/\/aipc.com.br\/wp-content\/uploads\/2025\/01\/WhatsApp-Image-2025-01-20-at-15.53.17.jpeg 1450w\" sizes=\"(max-width: 640px) 100vw, 400px\" \/><\/div><\/div><div class=\"person-desc\"><div class=\"person-author\"><div class=\"person-author-wrapper\"><span class=\"person-name\">ANNA PAULA LOSI<\/span><span class=\"person-title\">Chief Executive Officer<\/span><\/div><\/div><div class=\"person-content fusion-clearfix\"><\/div><div class=\"fusion-social-networks boxed-icons\"><div class=\"fusion-social-networks-wrapper\"><a class=\"fusion-social-network-icon fusion-tooltip fusion-linkedin awb-icon-linkedin custom\" aria-label=\"fusion-linkedin\" href=\"https:\/\/www.linkedin.com\/in\/anna-paula-losi-72a1b214\/\" target=\"_blank\" rel=\"noopener noreferrer\" style=\"color:#ffffff;background-color:#ef841a;border-color:var(--awb-color3);border-radius:20px;font-size:16px;padding:8px;\" data-placement=\"top\" data-title=\"LinkedIn\" title=\"LinkedIn\" data-toggle=\"tooltip\"><\/a><\/div><\/div><\/div><\/div><\/div><\/div><div class=\"fusion-layout-column fusion_builder_column fusion-builder-column-3 fusion_builder_column_1_3 1_3 fusion-flex-column\" style=\"--awb-bg-size:cover;--awb-width-large:33.333333333333%;--awb-margin-top-large:0px;--awb-spacing-right-large:5.76%;--awb-margin-bottom-large:20px;--awb-spacing-left-large:5.76%;--awb-width-medium:33.333333333333%;--awb-order-medium:0;--awb-spacing-right-medium:5.76%;--awb-spacing-left-medium:5.76%;--awb-width-small:100%;--awb-order-small:0;--awb-spacing-right-small:1.92%;--awb-spacing-left-small:1.92%;\"><div class=\"fusion-column-wrapper fusion-column-has-shadow fusion-flex-justify-content-flex-start fusion-content-layout-column\"><div class=\"fusion-person person fusion-person-center fusion-person-2 fusion-person-icon-bottom\" style=\"--awb-pic-style-color:#000000;--awb-pic-borderradius:0px;--awb-margin-top:0px;--awb-margin-right:0px;--awb-margin-bottom:0px;--awb-margin-left:0px;--awb-social-box-border-top:0px;--awb-social-box-border-right:0px;--awb-social-box-border-bottom:0px;--awb-social-box-border-left:0px;--awb-social-box-border-color:var(--awb-color3);--awb-social-box-border-color-hover:var(--awb-color4);--awb-social-box-colors-hover:rgba(242,243,245,0.8);--awb-social-icon-boxed-colors:#ef841a;--awb-social-icon-colors:#ffffff;--awb-social-icon-colors-hover:rgba(158,160,164,0.8);\"><div class=\"person-shortcode-image-wrapper\"><div class=\"person-image-container hover-type-none\" style=\"border:0px solid #e2e2e2;-webkit-border-radius:0px;-moz-border-radius:0px;border-radius:0px;\"><img decoding=\"async\" class=\"person-img img-responsive wp-image-5958\" width=\"284\" height=\"300\" src=\"https:\/\/aipc.com.br\/wp-content\/uploads\/2025\/01\/WhatsApp-Image-2025-01-20-at-16.03.54-284x300.jpeg\" alt=\"ALLANA RODRIGUES\" srcset=\"https:\/\/aipc.com.br\/wp-content\/uploads\/2025\/01\/WhatsApp-Image-2025-01-20-at-16.03.54-200x212.jpeg 200w, https:\/\/aipc.com.br\/wp-content\/uploads\/2025\/01\/WhatsApp-Image-2025-01-20-at-16.03.54-400x423.jpeg 400w, https:\/\/aipc.com.br\/wp-content\/uploads\/2025\/01\/WhatsApp-Image-2025-01-20-at-16.03.54-600x635.jpeg 600w, https:\/\/aipc.com.br\/wp-content\/uploads\/2025\/01\/WhatsApp-Image-2025-01-20-at-16.03.54-800x847.jpeg 800w, https:\/\/aipc.com.br\/wp-content\/uploads\/2025\/01\/WhatsApp-Image-2025-01-20-at-16.03.54-1200x1270.jpeg 1200w, https:\/\/aipc.com.br\/wp-content\/uploads\/2025\/01\/WhatsApp-Image-2025-01-20-at-16.03.54.jpeg 1512w\" sizes=\"(max-width: 640px) 100vw, 400px\" \/><\/div><\/div><div class=\"person-desc\"><div class=\"person-author\"><div class=\"person-author-wrapper\"><span class=\"person-name\">ALLANA RODRIGUES<\/span><span class=\"person-title\">Diretora de Rela\u00e7\u00f5es Institucionais<\/span><\/div><\/div><div class=\"person-content fusion-clearfix\"><\/div><div class=\"fusion-social-networks boxed-icons\"><div class=\"fusion-social-networks-wrapper\"><a class=\"fusion-social-network-icon fusion-tooltip fusion-linkedin awb-icon-linkedin custom\" aria-label=\"fusion-linkedin\" href=\"https:\/\/www.linkedin.com\/in\/allana-rodrigues-0b05985a\/\" target=\"_blank\" rel=\"noopener noreferrer\" style=\"color:#ffffff;background-color:#ef841a;border-color:var(--awb-color3);border-radius:20px;font-size:16px;padding:8px;\" data-placement=\"top\" data-title=\"LinkedIn\" title=\"LinkedIn\" data-toggle=\"tooltip\"><\/a><\/div><\/div><\/div><\/div><\/div><\/div><\/div><\/div><div class=\"fusion-fullwidth fullwidth-box fusion-builder-row-3 fusion-flex-container fusion-parallax-none nonhundred-percent-fullwidth non-hundred-percent-height-scrolling\" style=\"--awb-border-radius-top-left:0px;--awb-border-radius-top-right:0px;--awb-border-radius-bottom-right:0px;--awb-border-radius-bottom-left:0px;--awb-padding-top:0px;--awb-padding-right:-30px;--awb-padding-bottom:0px;--awb-padding-left:-30px;--awb-margin-top:30px;--awb-min-height:500px;--awb-background-image:url(&quot;https:\/\/aipc.com.br\/wp-content\/uploads\/2021\/02\/cacau-quemsomos.png&quot;);--awb-background-size:cover;--awb-flex-wrap:wrap;\" ><div class=\"fusion-builder-row fusion-row fusion-flex-align-items-flex-start fusion-flex-content-wrap\" style=\"max-width:1248px;margin-left: calc(-4% \/ 2 );margin-right: calc(-4% \/ 2 );\"><div class=\"fusion-layout-column fusion_builder_column fusion-builder-column-4 fusion_builder_column_1_1 1_1 fusion-flex-column\" style=\"--awb-bg-size:cover;--awb-width-large:100%;--awb-margin-top-large:0px;--awb-spacing-right-large:1.92%;--awb-margin-bottom-large:20px;--awb-spacing-left-large:1.92%;--awb-width-medium:100%;--awb-order-medium:0;--awb-spacing-right-medium:1.92%;--awb-spacing-left-medium:1.92%;--awb-width-small:100%;--awb-order-small:0;--awb-spacing-right-small:1.92%;--awb-spacing-left-small:1.92%;\"><div class=\"fusion-column-wrapper fusion-column-has-shadow fusion-flex-justify-content-flex-start fusion-content-layout-column\"><\/div><\/div><\/div><\/div><\/p>","protected":false},"excerpt":{"rendered":"","protected":false},"author":1,"featured_media":0,"parent":362,"menu_order":0,"comment_status":"closed","ping_status":"closed","template":"","meta":{"_coblocks_attr":"","_coblocks_dimensions":"","_coblocks_responsive_height":"","_coblocks_accordion_ie_support":"","footnotes":""},"class_list":["post-368","page","type-page","status-publish","hentry"],"yoast_head":"<!-- This site is optimized with the Yoast SEO plugin v26.7 - https:\/\/yoast.com\/wordpress\/plugins\/seo\/ -->\n<title>Equipe - AIPC \u2013 Associa\u00e7\u00e3o Nacional das Ind\u00fastrias Processadoras de Cacau<\/title>\n<meta name=\"robots\" content=\"index, follow, max-snippet:-1, max-image-preview:large, max-video-preview:-1\" \/>\n<link rel=\"canonical\" href=\"https:\/\/aipc.com.br\/en\/quem-somos\/equipe\/\" \/>\n<meta property=\"og:locale\" content=\"en_US\" \/>\n<meta property=\"og:type\" content=\"article\" \/>\n<meta property=\"og:title\" content=\"Equipe - AIPC \u2013 Associa\u00e7\u00e3o Nacional das Ind\u00fastrias Processadoras de Cacau\" \/>\n<meta property=\"og:url\" content=\"https:\/\/aipc.com.br\/en\/quem-somos\/equipe\/\" \/>\n<meta property=\"og:site_name\" content=\"AIPC \u2013 Associa\u00e7\u00e3o Nacional das Ind\u00fastrias Processadoras de Cacau\" \/>\n<meta property=\"article:modified_time\" content=\"2025-01-30T05:00:23+00:00\" \/>\n<meta name=\"twitter:card\" content=\"summary_large_image\" \/>\n<meta name=\"twitter:label1\" content=\"Est. reading time\" \/>\n\t<meta name=\"twitter:data1\" content=\"5 minutes\" \/>\n<script type=\"application\/ld+json\" class=\"yoast-schema-graph\">{\"@context\":\"https:\/\/schema.org\",\"@graph\":[{\"@type\":\"WebPage\",\"@id\":\"https:\/\/aipc.com.br\/quem-somos\/equipe\/\",\"url\":\"https:\/\/aipc.com.br\/quem-somos\/equipe\/\",\"name\":\"Equipe - AIPC \u2013 Associa\u00e7\u00e3o Nacional das Ind\u00fastrias Processadoras de Cacau\",\"isPartOf\":{\"@id\":\"https:\/\/aipc.com.br\/#website\"},\"datePublished\":\"2021-03-08T10:55:22+00:00\",\"dateModified\":\"2025-01-30T05:00:23+00:00\",\"breadcrumb\":{\"@id\":\"https:\/\/aipc.com.br\/quem-somos\/equipe\/#breadcrumb\"},\"inLanguage\":\"en-US\",\"potentialAction\":[{\"@type\":\"ReadAction\",\"target\":[\"https:\/\/aipc.com.br\/quem-somos\/equipe\/\"]}]},{\"@type\":\"BreadcrumbList\",\"@id\":\"https:\/\/aipc.com.br\/quem-somos\/equipe\/#breadcrumb\",\"itemListElement\":[{\"@type\":\"ListItem\",\"position\":1,\"name\":\"In\u00edcio\",\"item\":\"https:\/\/aipc.com.br\/\"},{\"@type\":\"ListItem\",\"position\":2,\"name\":\"Quem somos\",\"item\":\"https:\/\/aipc.com.br\/quem-somos\/\"},{\"@type\":\"ListItem\",\"position\":3,\"name\":\"Equipe\"}]},{\"@type\":\"WebSite\",\"@id\":\"https:\/\/aipc.com.br\/#website\",\"url\":\"https:\/\/aipc.com.br\/\",\"name\":\"AIPC\",\"description\":\"\",\"publisher\":{\"@id\":\"https:\/\/aipc.com.br\/#organization\"},\"potentialAction\":[{\"@type\":\"SearchAction\",\"target\":{\"@type\":\"EntryPoint\",\"urlTemplate\":\"https:\/\/aipc.com.br\/?s={search_term_string}\"},\"query-input\":{\"@type\":\"PropertyValueSpecification\",\"valueRequired\":true,\"valueName\":\"search_term_string\"}}],\"inLanguage\":\"en-US\"},{\"@type\":\"Organization\",\"@id\":\"https:\/\/aipc.com.br\/#organization\",\"name\":\"AIPC\",\"url\":\"https:\/\/aipc.com.br\/\",\"logo\":{\"@type\":\"ImageObject\",\"inLanguage\":\"en-US\",\"@id\":\"https:\/\/aipc.com.br\/#\/schema\/logo\/image\/\",\"url\":\"http:\/\/dev.aipc.com.br\/wp-content\/uploads\/2021\/02\/Logotipo-AIPC_2-1.png\",\"contentUrl\":\"http:\/\/dev.aipc.com.br\/wp-content\/uploads\/2021\/02\/Logotipo-AIPC_2-1.png\",\"width\":2676,\"height\":2480,\"caption\":\"AIPC\"},\"image\":{\"@id\":\"https:\/\/aipc.com.br\/#\/schema\/logo\/image\/\"}}]}<\/script>\n<!-- \/ Yoast SEO plugin. -->","yoast_head_json":{"title":"Equipe - AIPC \u2013 Associa\u00e7\u00e3o Nacional das Ind\u00fastrias Processadoras de Cacau","robots":{"index":"index","follow":"follow","max-snippet":"max-snippet:-1","max-image-preview":"max-image-preview:large","max-video-preview":"max-video-preview:-1"},"canonical":"https:\/\/aipc.com.br\/en\/quem-somos\/equipe\/","og_locale":"en_US","og_type":"article","og_title":"Equipe - AIPC \u2013 Associa\u00e7\u00e3o Nacional das Ind\u00fastrias Processadoras de Cacau","og_url":"https:\/\/aipc.com.br\/en\/quem-somos\/equipe\/","og_site_name":"AIPC \u2013 Associa\u00e7\u00e3o Nacional das Ind\u00fastrias Processadoras de Cacau","article_modified_time":"2025-01-30T05:00:23+00:00","twitter_card":"summary_large_image","twitter_misc":{"Est. reading time":"5 minutes"},"schema":{"@context":"https:\/\/schema.org","@graph":[{"@type":"WebPage","@id":"https:\/\/aipc.com.br\/quem-somos\/equipe\/","url":"https:\/\/aipc.com.br\/quem-somos\/equipe\/","name":"Equipe - AIPC \u2013 Associa\u00e7\u00e3o Nacional das Ind\u00fastrias Processadoras de Cacau","isPartOf":{"@id":"https:\/\/aipc.com.br\/#website"},"datePublished":"2021-03-08T10:55:22+00:00","dateModified":"2025-01-30T05:00:23+00:00","breadcrumb":{"@id":"https:\/\/aipc.com.br\/quem-somos\/equipe\/#breadcrumb"},"inLanguage":"en-US","potentialAction":[{"@type":"ReadAction","target":["https:\/\/aipc.com.br\/quem-somos\/equipe\/"]}]},{"@type":"BreadcrumbList","@id":"https:\/\/aipc.com.br\/quem-somos\/equipe\/#breadcrumb","itemListElement":[{"@type":"ListItem","position":1,"name":"In\u00edcio","item":"https:\/\/aipc.com.br\/"},{"@type":"ListItem","position":2,"name":"Quem somos","item":"https:\/\/aipc.com.br\/quem-somos\/"},{"@type":"ListItem","position":3,"name":"Equipe"}]},{"@type":"WebSite","@id":"https:\/\/aipc.com.br\/#website","url":"https:\/\/aipc.com.br\/","name":"AIPC","description":"","publisher":{"@id":"https:\/\/aipc.com.br\/#organization"},"potentialAction":[{"@type":"SearchAction","target":{"@type":"EntryPoint","urlTemplate":"https:\/\/aipc.com.br\/?s={search_term_string}"},"query-input":{"@type":"PropertyValueSpecification","valueRequired":true,"valueName":"search_term_string"}}],"inLanguage":"en-US"},{"@type":"Organization","@id":"https:\/\/aipc.com.br\/#organization","name":"AIPC","url":"https:\/\/aipc.com.br\/","logo":{"@type":"ImageObject","inLanguage":"en-US","@id":"https:\/\/aipc.com.br\/#\/schema\/logo\/image\/","url":"http:\/\/dev.aipc.com.br\/wp-content\/uploads\/2021\/02\/Logotipo-AIPC_2-1.png","contentUrl":"http:\/\/dev.aipc.com.br\/wp-content\/uploads\/2021\/02\/Logotipo-AIPC_2-1.png","width":2676,"height":2480,"caption":"AIPC"},"image":{"@id":"https:\/\/aipc.com.br\/#\/schema\/logo\/image\/"}}]}},"_links":{"self":[{"href":"https:\/\/aipc.com.br\/en\/wp-json\/wp\/v2\/pages\/368","targetHints":{"allow":["GET"]}}],"collection":[{"href":"https:\/\/aipc.com.br\/en\/wp-json\/wp\/v2\/pages"}],"about":[{"href":"https:\/\/aipc.com.br\/en\/wp-json\/wp\/v2\/types\/page"}],"author":[{"embeddable":true,"href":"https:\/\/aipc.com.br\/en\/wp-json\/wp\/v2\/users\/1"}],"replies":[{"embeddable":true,"href":"https:\/\/aipc.com.br\/en\/wp-json\/wp\/v2\/comments?post=368"}],"version-history":[{"count":36,"href":"https:\/\/aipc.com.br\/en\/wp-json\/wp\/v2\/pages\/368\/revisions"}],"predecessor-version":[{"id":5966,"href":"https:\/\/aipc.com.br\/en\/wp-json\/wp\/v2\/pages\/368\/revisions\/5966"}],"up":[{"embeddable":true,"href":"https:\/\/aipc.com.br\/en\/wp-json\/wp\/v2\/pages\/362"}],"wp:attachment":[{"href":"https:\/\/aipc.com.br\/en\/wp-json\/wp\/v2\/media?parent=368"}],"curies":[{"name":"wp","href":"https:\/\/api.w.org\/{rel}","templated":true}]}}