{"id":46,"date":"2021-02-06T15:45:39","date_gmt":"2021-02-06T15:45:39","guid":{"rendered":"http:\/\/dev.aipc.com.br\/?page_id=46"},"modified":"2025-01-30T05:23:22","modified_gmt":"2025-01-30T05:23:22","slug":"comunicados","status":"publish","type":"page","link":"https:\/\/aipc.com.br\/en\/noticias\/comunicados\/","title":{"rendered":"Comunicados"},"content":{"rendered":"<div class=\"fusion-fullwidth fullwidth-box fusion-builder-row-1 fusion-flex-container nonhundred-percent-fullwidth non-hundred-percent-height-scrolling\" style=\"--awb-border-radius-top-left:0px;--awb-border-radius-top-right:0px;--awb-border-radius-bottom-right:0px;--awb-border-radius-bottom-left:0px;--awb-flex-wrap:wrap;\" ><div class=\"fusion-builder-row fusion-row fusion-flex-align-items-flex-start fusion-flex-content-wrap\" style=\"max-width:1248px;margin-left: calc(-4% \/ 2 );margin-right: calc(-4% \/ 2 );\"><div class=\"fusion-layout-column fusion_builder_column fusion-builder-column-0 fusion_builder_column_1_1 1_1 fusion-flex-column\" style=\"--awb-bg-size:cover;--awb-width-large:100%;--awb-margin-top-large:0px;--awb-spacing-right-large:1.92%;--awb-margin-bottom-large:20px;--awb-spacing-left-large:1.92%;--awb-width-medium:100%;--awb-order-medium:0;--awb-spacing-right-medium:1.92%;--awb-spacing-left-medium:1.92%;--awb-width-small:100%;--awb-order-small:0;--awb-spacing-right-small:1.92%;--awb-spacing-left-small:1.92%;\"><div class=\"fusion-column-wrapper fusion-column-has-shadow fusion-flex-justify-content-flex-start fusion-content-layout-column\"><div class=\"fusion-blog-shortcode fusion-blog-shortcode-1 fusion-blog-archive fusion-blog-layout-grid-wrapper fusion-blog-pagination news-list\"><style type=\"text\/css\">.fusion-blog-shortcode-1 .fusion-blog-layout-grid .fusion-post-grid{padding:20px;}.fusion-blog-shortcode-1 .fusion-posts-container{margin-left: -20px !important; margin-right:-20px !important;}<\/style><div class=\"fusion-posts-container fusion-posts-container-pagination fusion-blog-layout-grid fusion-blog-layout-grid-2 isotope fusion-blog-equal-heights\" data-pages=\"15\" data-grid-col-space=\"40\" style=\"margin: -20px -20px 0;min-height:500px;\"><article id=\"blog-1-post-6245\" class=\"fusion-post-grid post-6245 post type-post status-publish format-standard hentry category-comunicados\">\n<div class=\"fusion-post-wrapper\" style=\"background-color:rgba(255,255,255,0);border:1px solid #f2f3f5;border-bottom-width:3px;\">\n\n<div class=\"fusion-post-content-wrapper\" style=\"padding:30px 25px 25px 25px;\"><div class=\"fusion-post-content post-content\"><h2 class=\"blog-shortcode-post-title entry-title\"><a href=\"https:\/\/aipc.com.br\/en\/em-meio-a-cenario-desafiador-moagem-de-cacau-recua-146-em-2025\/\">Em meio a cen\u00e1rio desafiador, moagem de cacau recua 14,6% em 2025<\/a><\/h2><p class=\"fusion-single-line-meta\"><span class=\"vcard\" style=\"display: none;\"><span class=\"fn\"><a href=\"https:\/\/aipc.com.br\/en\/author\/admin\/\" title=\"Posts by admin\" rel=\"author\">admin<\/a><\/span><\/span><span class=\"updated\" style=\"display:none;\">2026-01-16T13:40:32+00:00<\/span><span>16 de January de 2026<\/span><span class=\"fusion-inline-sep\">|<\/span><\/p><div class=\"fusion-content-sep sep-none\"><\/div><div class=\"fusion-post-content-container\"><p>A ind\u00fastria fechou o ano com uma forte queda na comercializa\u00e7\u00e3o de derivados de cacau, e uma leve recupera\u00e7\u00e3o no [...]<\/p><\/div><\/div><div class=\"fusion-meta-info\"><div class=\"fusion-alignleft\"><a class=\"fusion-read-more\" href=\"https:\/\/aipc.com.br\/en\/em-meio-a-cenario-desafiador-moagem-de-cacau-recua-146-em-2025\/\" aria-label=\"More on Em meio a cen\u00e1rio desafiador, moagem de cacau recua 14,6% em 2025\">Read More<\/a><\/div><\/div><\/div><div class=\"fusion-clearfix\"><\/div><\/div>\n<\/article>\n<article id=\"blog-1-post-6127\" class=\"fusion-post-grid post-6127 post type-post status-publish format-standard hentry category-comunicados category-mercado tag-aipc tag-cacau\">\n<div class=\"fusion-post-wrapper\" style=\"background-color:rgba(255,255,255,0);border:1px solid #f2f3f5;border-bottom-width:3px;\">\n\n<div class=\"fusion-post-content-wrapper\" style=\"padding:30px 25px 25px 25px;\"><div class=\"fusion-post-content post-content\"><h2 class=\"blog-shortcode-post-title entry-title\"><a href=\"https:\/\/aipc.com.br\/en\/moagem-segue-em-queda-refletindo-ainda-um-cenario-desafiador-para-o-setor\/\">Moagem segue em queda, refletindo ainda um cen\u00e1rio desafiador para o setor<\/a><\/h2><p class=\"fusion-single-line-meta\"><span class=\"vcard\" style=\"display: none;\"><span class=\"fn\"><a href=\"https:\/\/aipc.com.br\/en\/author\/admin\/\" title=\"Posts by admin\" rel=\"author\">admin<\/a><\/span><\/span><span class=\"updated\" style=\"display:none;\">2025-10-17T17:44:26+00:00<\/span><span>17 de October de 2025<\/span><span class=\"fusion-inline-sep\">|<\/span><\/p><div class=\"fusion-content-sep sep-none\"><\/div><div class=\"fusion-post-content-container\"><p>Clique aqui e baixe o release Recebimento de cacau encerra 3\u00ba trimestre com leve alta e indica estabilidade na oferta [...]<\/p><\/div><\/div><div class=\"fusion-meta-info\"><div class=\"fusion-alignleft\"><a class=\"fusion-read-more\" href=\"https:\/\/aipc.com.br\/en\/moagem-segue-em-queda-refletindo-ainda-um-cenario-desafiador-para-o-setor\/\" aria-label=\"More on Moagem segue em queda, refletindo ainda um cen\u00e1rio desafiador para o setor\">Read More<\/a><\/div><\/div><\/div><div class=\"fusion-clearfix\"><\/div><\/div>\n<\/article>\n<article id=\"blog-1-post-5943\" class=\"fusion-post-grid post-5943 post type-post status-publish format-standard has-post-thumbnail hentry category-comunicados category-mercado tag-aipc tag-cacau\">\n<div class=\"fusion-post-wrapper\" style=\"background-color:rgba(255,255,255,0);border:1px solid #f2f3f5;border-bottom-width:3px;\">\n\n\t\t\t<div class=\"fusion-flexslider flexslider fusion-flexslider-loading fusion-post-slideshow\" style=\"border-color:#f2f3f5;\">\n\t\t<ul class=\"slides\">\n\t\t\t\n\t\t\t\t\t\t\t\t\t\t\t\t\t\t<li><div  class=\"fusion-image-wrapper\" aria-haspopup=\"true\">\n\t\t\t\t\t\t\t<a href=\"https:\/\/aipc.com.br\/en\/em-meio-a-maior-alta-historica-de-preco-recebimento-de-amendoas-de-cacau-recua-185-em-2024\/\" aria-label=\"Em meio \u00e0 maior alta hist\u00f3rica de pre\u00e7o, recebimento de am\u00eandoas de cacau recua 18,5% em 2024\">\n\t\t\t\t\t\t\t<img decoding=\"async\" width=\"2560\" height=\"1810\" src=\"https:\/\/aipc.com.br\/wp-content\/uploads\/2024\/11\/AIPC-imagem.jpg\" class=\"attachment-full size-full wp-post-image\" alt=\"\" srcset=\"https:\/\/aipc.com.br\/wp-content\/uploads\/2024\/11\/AIPC-imagem-200x141.jpg 200w, https:\/\/aipc.com.br\/wp-content\/uploads\/2024\/11\/AIPC-imagem-400x283.jpg 400w, https:\/\/aipc.com.br\/wp-content\/uploads\/2024\/11\/AIPC-imagem-600x424.jpg 600w, https:\/\/aipc.com.br\/wp-content\/uploads\/2024\/11\/AIPC-imagem-800x566.jpg 800w, https:\/\/aipc.com.br\/wp-content\/uploads\/2024\/11\/AIPC-imagem-1200x848.jpg 1200w, https:\/\/aipc.com.br\/wp-content\/uploads\/2024\/11\/AIPC-imagem.jpg 2560w\" sizes=\"(min-width: 2200px) 100vw, (min-width: 712px) 580px, (min-width: 640px) 712px, \" \/>\t\t\t<\/a>\n\t\t\t\t\t\t\t<\/div>\n<\/li>\n\t\t\t\n\t\t\t\n\t\t\t\t\t\t\t\t\t\t\t\t\t\t\t\t\t\t\t\t\t\t\t\t\t\t\t\t\t\t\t\t\t\t\t\t\t\t\t\t\t\t\t\t\t\t\t\t\t\t\t\t\t\t\t\t\t\t\t\t\t\t\t\t\t\t\t\t<\/ul>\n\t<\/div>\n\t<div class=\"fusion-post-content-wrapper\" style=\"padding:30px 25px 25px 25px;\"><div class=\"fusion-post-content post-content\"><h2 class=\"blog-shortcode-post-title entry-title\"><a href=\"https:\/\/aipc.com.br\/en\/em-meio-a-maior-alta-historica-de-preco-recebimento-de-amendoas-de-cacau-recua-185-em-2024\/\">Em meio \u00e0 maior alta hist\u00f3rica de pre\u00e7o, recebimento de am\u00eandoas de cacau recua 18,5% em 2024<\/a><\/h2><p class=\"fusion-single-line-meta\"><span class=\"vcard\" style=\"display: none;\"><span class=\"fn\"><a href=\"https:\/\/aipc.com.br\/en\/author\/admin\/\" title=\"Posts by admin\" rel=\"author\">admin<\/a><\/span><\/span><span class=\"updated\" style=\"display:none;\">2025-01-27T13:49:47+00:00<\/span><span>15 de January de 2025<\/span><span class=\"fusion-inline-sep\">|<\/span><\/p><div class=\"fusion-content-sep sep-none\"><\/div><div class=\"fusion-post-content-container\"><p>Processamento de am\u00eandoas tamb\u00e9m apresentou retra\u00e7\u00e3o no \u00faltimo ano, de 9,5% Em 2024, o setor de cacau no Brasil enfrentou [...]<\/p><\/div><\/div><div class=\"fusion-meta-info\"><div class=\"fusion-alignleft\"><a class=\"fusion-read-more\" href=\"https:\/\/aipc.com.br\/en\/em-meio-a-maior-alta-historica-de-preco-recebimento-de-amendoas-de-cacau-recua-185-em-2024\/\" aria-label=\"More on Em meio \u00e0 maior alta hist\u00f3rica de pre\u00e7o, recebimento de am\u00eandoas de cacau recua 18,5% em 2024\">Read More<\/a><\/div><\/div><\/div><div class=\"fusion-clearfix\"><\/div><\/div>\n<\/article>\n<article id=\"blog-1-post-5835\" class=\"fusion-post-grid post-5835 post type-post status-publish format-standard has-post-thumbnail hentry category-comunicados\">\n<div class=\"fusion-post-wrapper\" style=\"background-color:rgba(255,255,255,0);border:1px solid #f2f3f5;border-bottom-width:3px;\">\n\n\t\t\t<div class=\"fusion-flexslider flexslider fusion-flexslider-loading fusion-post-slideshow\" style=\"border-color:#f2f3f5;\">\n\t\t<ul class=\"slides\">\n\t\t\t\n\t\t\t\t\t\t\t\t\t\t\t\t\t\t<li><div  class=\"fusion-image-wrapper\" aria-haspopup=\"true\">\n\t\t\t\t\t\t\t<a href=\"https:\/\/aipc.com.br\/en\/recebimento-de-cacau-nacional-recua-374-no-primeiro-semestre-de-2024-2\/\" aria-label=\"Recebimento de cacau nacional recua 37,4% no primeiro semestre de 2024\">\n\t\t\t\t\t\t\t<img decoding=\"async\" width=\"2560\" height=\"1810\" src=\"https:\/\/aipc.com.br\/wp-content\/uploads\/2023\/02\/unnamed-5-scaled-1.jpg\" class=\"attachment-full size-full wp-post-image\" alt=\"\" srcset=\"https:\/\/aipc.com.br\/wp-content\/uploads\/2023\/02\/unnamed-5-scaled-1-200x141.jpg 200w, https:\/\/aipc.com.br\/wp-content\/uploads\/2023\/02\/unnamed-5-scaled-1-400x283.jpg 400w, https:\/\/aipc.com.br\/wp-content\/uploads\/2023\/02\/unnamed-5-scaled-1-600x424.jpg 600w, https:\/\/aipc.com.br\/wp-content\/uploads\/2023\/02\/unnamed-5-scaled-1-800x566.jpg 800w, https:\/\/aipc.com.br\/wp-content\/uploads\/2023\/02\/unnamed-5-scaled-1-1200x848.jpg 1200w, https:\/\/aipc.com.br\/wp-content\/uploads\/2023\/02\/unnamed-5-scaled-1.jpg 2560w\" sizes=\"(min-width: 2200px) 100vw, (min-width: 712px) 580px, (min-width: 640px) 712px, \" \/>\t\t\t<\/a>\n\t\t\t\t\t\t\t<\/div>\n<\/li>\n\t\t\t\n\t\t\t\n\t\t\t\t\t\t\t\t\t\t\t\t\t\t\t\t\t\t\t\t\t\t\t\t\t\t\t\t\t\t\t\t\t\t\t\t\t\t\t\t\t\t\t\t\t\t\t\t\t\t\t\t\t\t\t\t\t\t\t\t\t\t\t\t\t\t\t\t<\/ul>\n\t<\/div>\n\t<div class=\"fusion-post-content-wrapper\" style=\"padding:30px 25px 25px 25px;\"><div class=\"fusion-post-content post-content\"><h2 class=\"blog-shortcode-post-title entry-title\"><a href=\"https:\/\/aipc.com.br\/en\/recebimento-de-cacau-nacional-recua-374-no-primeiro-semestre-de-2024-2\/\">Recebimento de cacau nacional recua 37,4% no primeiro semestre de 2024<\/a><\/h2><p class=\"fusion-single-line-meta\"><span class=\"vcard\" style=\"display: none;\"><span class=\"fn\"><a href=\"https:\/\/aipc.com.br\/en\/author\/admin\/\" title=\"Posts by admin\" rel=\"author\">admin<\/a><\/span><\/span><span class=\"updated\" style=\"display:none;\">2024-07-11T15:30:25+00:00<\/span><span>11 de July de 2024<\/span><span class=\"fusion-inline-sep\">|<\/span><\/p><div class=\"fusion-content-sep sep-none\"><\/div><div class=\"fusion-post-content-container\"><p>No mesmo per\u00edodo, a ind\u00fastria brasileira processou cerca de 9% menos, na compara\u00e7\u00e3o com os seis primeiros meses de 2023 [...]<\/p><\/div><\/div><div class=\"fusion-meta-info\"><div class=\"fusion-alignleft\"><a class=\"fusion-read-more\" href=\"https:\/\/aipc.com.br\/en\/recebimento-de-cacau-nacional-recua-374-no-primeiro-semestre-de-2024-2\/\" aria-label=\"More on Recebimento de cacau nacional recua 37,4% no primeiro semestre de 2024\">Read More<\/a><\/div><\/div><\/div><div class=\"fusion-clearfix\"><\/div><\/div>\n<\/article>\n<div class=\"fusion-clearfix\"><\/div><\/div><div class=\"pagination clearfix\"><span class=\"current\">1<\/span><a href=\"https:\/\/aipc.com.br\/en\/wp-json\/wp\/v2\/pages\/46\/page\/2\/\" class=\"inactive\">2<\/a><a class=\"pagination-next\" rel=\"next\" href=\"https:\/\/aipc.com.br\/en\/wp-json\/wp\/v2\/pages\/46\/page\/2\/\"><span class=\"page-text\">Next<\/span><span class=\"page-next\"><\/span><\/a><\/div><div class=\"fusion-clearfix\"><\/div><\/div><\/div><\/div><\/div><\/div>","protected":false},"excerpt":{"rendered":"","protected":false},"author":1,"featured_media":0,"parent":44,"menu_order":0,"comment_status":"closed","ping_status":"closed","template":"","meta":{"_coblocks_attr":"","_coblocks_dimensions":"","_coblocks_responsive_height":"","_coblocks_accordion_ie_support":"","footnotes":""},"class_list":["post-46","page","type-page","status-publish","hentry"],"yoast_head":"<!-- This site is optimized with the Yoast SEO plugin v26.7 - https:\/\/yoast.com\/wordpress\/plugins\/seo\/ -->\n<title>Comunicados - AIPC \u2013 Associa\u00e7\u00e3o Nacional das Ind\u00fastrias Processadoras de Cacau<\/title>\n<meta name=\"robots\" content=\"index, follow, max-snippet:-1, max-image-preview:large, max-video-preview:-1\" \/>\n<link rel=\"canonical\" href=\"https:\/\/aipc.com.br\/en\/noticias\/comunicados\/\" \/>\n<meta property=\"og:locale\" content=\"en_US\" \/>\n<meta property=\"og:type\" content=\"article\" \/>\n<meta property=\"og:title\" content=\"Comunicados - AIPC \u2013 Associa\u00e7\u00e3o Nacional das Ind\u00fastrias Processadoras de Cacau\" \/>\n<meta property=\"og:url\" content=\"https:\/\/aipc.com.br\/en\/noticias\/comunicados\/\" \/>\n<meta property=\"og:site_name\" content=\"AIPC \u2013 Associa\u00e7\u00e3o Nacional das Ind\u00fastrias Processadoras de Cacau\" \/>\n<meta property=\"article:modified_time\" content=\"2025-01-30T05:23:22+00:00\" \/>\n<meta name=\"twitter:card\" content=\"summary_large_image\" \/>\n<meta name=\"twitter:label1\" content=\"Est. reading time\" \/>\n\t<meta name=\"twitter:data1\" content=\"2 minutes\" \/>\n<script type=\"application\/ld+json\" class=\"yoast-schema-graph\">{\"@context\":\"https:\/\/schema.org\",\"@graph\":[{\"@type\":\"WebPage\",\"@id\":\"https:\/\/aipc.com.br\/noticias\/comunicados\/\",\"url\":\"https:\/\/aipc.com.br\/noticias\/comunicados\/\",\"name\":\"Comunicados - AIPC \u2013 Associa\u00e7\u00e3o Nacional das Ind\u00fastrias Processadoras de Cacau\",\"isPartOf\":{\"@id\":\"https:\/\/aipc.com.br\/#website\"},\"datePublished\":\"2021-02-06T15:45:39+00:00\",\"dateModified\":\"2025-01-30T05:23:22+00:00\",\"breadcrumb\":{\"@id\":\"https:\/\/aipc.com.br\/noticias\/comunicados\/#breadcrumb\"},\"inLanguage\":\"en-US\",\"potentialAction\":[{\"@type\":\"ReadAction\",\"target\":[\"https:\/\/aipc.com.br\/noticias\/comunicados\/\"]}]},{\"@type\":\"BreadcrumbList\",\"@id\":\"https:\/\/aipc.com.br\/noticias\/comunicados\/#breadcrumb\",\"itemListElement\":[{\"@type\":\"ListItem\",\"position\":1,\"name\":\"In\u00edcio\",\"item\":\"https:\/\/aipc.com.br\/\"},{\"@type\":\"ListItem\",\"position\":2,\"name\":\"Not\u00edcias\",\"item\":\"https:\/\/aipc.com.br\/noticias\/\"},{\"@type\":\"ListItem\",\"position\":3,\"name\":\"Comunicados\"}]},{\"@type\":\"WebSite\",\"@id\":\"https:\/\/aipc.com.br\/#website\",\"url\":\"https:\/\/aipc.com.br\/\",\"name\":\"AIPC\",\"description\":\"\",\"publisher\":{\"@id\":\"https:\/\/aipc.com.br\/#organization\"},\"potentialAction\":[{\"@type\":\"SearchAction\",\"target\":{\"@type\":\"EntryPoint\",\"urlTemplate\":\"https:\/\/aipc.com.br\/?s={search_term_string}\"},\"query-input\":{\"@type\":\"PropertyValueSpecification\",\"valueRequired\":true,\"valueName\":\"search_term_string\"}}],\"inLanguage\":\"en-US\"},{\"@type\":\"Organization\",\"@id\":\"https:\/\/aipc.com.br\/#organization\",\"name\":\"AIPC\",\"url\":\"https:\/\/aipc.com.br\/\",\"logo\":{\"@type\":\"ImageObject\",\"inLanguage\":\"en-US\",\"@id\":\"https:\/\/aipc.com.br\/#\/schema\/logo\/image\/\",\"url\":\"http:\/\/dev.aipc.com.br\/wp-content\/uploads\/2021\/02\/Logotipo-AIPC_2-1.png\",\"contentUrl\":\"http:\/\/dev.aipc.com.br\/wp-content\/uploads\/2021\/02\/Logotipo-AIPC_2-1.png\",\"width\":2676,\"height\":2480,\"caption\":\"AIPC\"},\"image\":{\"@id\":\"https:\/\/aipc.com.br\/#\/schema\/logo\/image\/\"}}]}<\/script>\n<!-- \/ Yoast SEO plugin. -->","yoast_head_json":{"title":"Comunicados - AIPC \u2013 Associa\u00e7\u00e3o Nacional das Ind\u00fastrias Processadoras de Cacau","robots":{"index":"index","follow":"follow","max-snippet":"max-snippet:-1","max-image-preview":"max-image-preview:large","max-video-preview":"max-video-preview:-1"},"canonical":"https:\/\/aipc.com.br\/en\/noticias\/comunicados\/","og_locale":"en_US","og_type":"article","og_title":"Comunicados - AIPC \u2013 Associa\u00e7\u00e3o Nacional das Ind\u00fastrias Processadoras de Cacau","og_url":"https:\/\/aipc.com.br\/en\/noticias\/comunicados\/","og_site_name":"AIPC \u2013 Associa\u00e7\u00e3o Nacional das Ind\u00fastrias Processadoras de Cacau","article_modified_time":"2025-01-30T05:23:22+00:00","twitter_card":"summary_large_image","twitter_misc":{"Est. reading time":"2 minutes"},"schema":{"@context":"https:\/\/schema.org","@graph":[{"@type":"WebPage","@id":"https:\/\/aipc.com.br\/noticias\/comunicados\/","url":"https:\/\/aipc.com.br\/noticias\/comunicados\/","name":"Comunicados - AIPC \u2013 Associa\u00e7\u00e3o Nacional das Ind\u00fastrias Processadoras de Cacau","isPartOf":{"@id":"https:\/\/aipc.com.br\/#website"},"datePublished":"2021-02-06T15:45:39+00:00","dateModified":"2025-01-30T05:23:22+00:00","breadcrumb":{"@id":"https:\/\/aipc.com.br\/noticias\/comunicados\/#breadcrumb"},"inLanguage":"en-US","potentialAction":[{"@type":"ReadAction","target":["https:\/\/aipc.com.br\/noticias\/comunicados\/"]}]},{"@type":"BreadcrumbList","@id":"https:\/\/aipc.com.br\/noticias\/comunicados\/#breadcrumb","itemListElement":[{"@type":"ListItem","position":1,"name":"In\u00edcio","item":"https:\/\/aipc.com.br\/"},{"@type":"ListItem","position":2,"name":"Not\u00edcias","item":"https:\/\/aipc.com.br\/noticias\/"},{"@type":"ListItem","position":3,"name":"Comunicados"}]},{"@type":"WebSite","@id":"https:\/\/aipc.com.br\/#website","url":"https:\/\/aipc.com.br\/","name":"AIPC","description":"","publisher":{"@id":"https:\/\/aipc.com.br\/#organization"},"potentialAction":[{"@type":"SearchAction","target":{"@type":"EntryPoint","urlTemplate":"https:\/\/aipc.com.br\/?s={search_term_string}"},"query-input":{"@type":"PropertyValueSpecification","valueRequired":true,"valueName":"search_term_string"}}],"inLanguage":"en-US"},{"@type":"Organization","@id":"https:\/\/aipc.com.br\/#organization","name":"AIPC","url":"https:\/\/aipc.com.br\/","logo":{"@type":"ImageObject","inLanguage":"en-US","@id":"https:\/\/aipc.com.br\/#\/schema\/logo\/image\/","url":"http:\/\/dev.aipc.com.br\/wp-content\/uploads\/2021\/02\/Logotipo-AIPC_2-1.png","contentUrl":"http:\/\/dev.aipc.com.br\/wp-content\/uploads\/2021\/02\/Logotipo-AIPC_2-1.png","width":2676,"height":2480,"caption":"AIPC"},"image":{"@id":"https:\/\/aipc.com.br\/#\/schema\/logo\/image\/"}}]}},"_links":{"self":[{"href":"https:\/\/aipc.com.br\/en\/wp-json\/wp\/v2\/pages\/46","targetHints":{"allow":["GET"]}}],"collection":[{"href":"https:\/\/aipc.com.br\/en\/wp-json\/wp\/v2\/pages"}],"about":[{"href":"https:\/\/aipc.com.br\/en\/wp-json\/wp\/v2\/types\/page"}],"author":[{"embeddable":true,"href":"https:\/\/aipc.com.br\/en\/wp-json\/wp\/v2\/users\/1"}],"replies":[{"embeddable":true,"href":"https:\/\/aipc.com.br\/en\/wp-json\/wp\/v2\/comments?post=46"}],"version-history":[{"count":5,"href":"https:\/\/aipc.com.br\/en\/wp-json\/wp\/v2\/pages\/46\/revisions"}],"predecessor-version":[{"id":5981,"href":"https:\/\/aipc.com.br\/en\/wp-json\/wp\/v2\/pages\/46\/revisions\/5981"}],"up":[{"embeddable":true,"href":"https:\/\/aipc.com.br\/en\/wp-json\/wp\/v2\/pages\/44"}],"wp:attachment":[{"href":"https:\/\/aipc.com.br\/en\/wp-json\/wp\/v2\/media?parent=46"}],"curies":[{"name":"wp","href":"https:\/\/api.w.org\/{rel}","templated":true}]}}