{"id":6090,"date":"2025-08-21T13:23:08","date_gmt":"2025-08-21T13:23:08","guid":{"rendered":"https:\/\/aipc.com.br\/?page_id=6090"},"modified":"2025-08-21T13:24:03","modified_gmt":"2025-08-21T13:24:03","slug":"revista-aipc-especial-partnership-meeting-2025-eng","status":"publish","type":"page","link":"https:\/\/aipc.com.br\/en\/revista-aipc-especial-partnership-meeting-2025-eng\/","title":{"rendered":"AIPC Magazine &#8211; Special Partnership Meeting 2025"},"content":{"rendered":"<div class=\"_df_book df-lite\" id=\"df_6087\"  _slug=\"revista-partinership-meeting-eng\" data-title=\"revista-partinership-meeting-eng\" wpoptions=\"true\" thumbtype=\"\" ><\/div><script class=\"df-shortcode-script\" nowprocket type=\"application\/javascript\">window.option_df_6087 = {\"outline\":[],\"autoEnableOutline\":\"false\",\"autoEnableThumbnail\":\"false\",\"overwritePDFOutline\":\"false\",\"direction\":\"1\",\"pageSize\":\"0\",\"source\":\"https:\\\/\\\/aipc.com.br\\\/wp-content\\\/uploads\\\/2025\\\/08\\\/REVISTA-Especial-Partnership-Meeting-2025_EN_pgdupla-1.pdf\",\"wpOptions\":\"true\"}; if(window.DFLIP && window.DFLIP.parseBooks){window.DFLIP.parseBooks();}<\/script>","protected":false},"excerpt":{"rendered":"","protected":false},"author":1,"featured_media":0,"parent":0,"menu_order":0,"comment_status":"closed","ping_status":"closed","template":"","meta":{"_coblocks_attr":"","_coblocks_dimensions":"","_coblocks_responsive_height":"","_coblocks_accordion_ie_support":"","footnotes":""},"class_list":["post-6090","page","type-page","status-publish","hentry"],"yoast_head":"<!-- This site is optimized with the Yoast SEO plugin v26.7 - https:\/\/yoast.com\/wordpress\/plugins\/seo\/ -->\n<title>AIPC Magazine - Special Partnership Meeting 2025 - AIPC \u2013 Associa\u00e7\u00e3o Nacional das Ind\u00fastrias Processadoras de Cacau<\/title>\n<meta name=\"robots\" content=\"index, follow, max-snippet:-1, max-image-preview:large, max-video-preview:-1\" \/>\n<link rel=\"canonical\" href=\"https:\/\/aipc.com.br\/en\/revista-aipc-especial-partnership-meeting-2025-eng\/\" \/>\n<meta property=\"og:locale\" content=\"en_US\" \/>\n<meta property=\"og:type\" content=\"article\" \/>\n<meta property=\"og:title\" content=\"AIPC Magazine - Special Partnership Meeting 2025 - AIPC \u2013 Associa\u00e7\u00e3o Nacional das Ind\u00fastrias Processadoras de Cacau\" \/>\n<meta property=\"og:url\" content=\"https:\/\/aipc.com.br\/en\/revista-aipc-especial-partnership-meeting-2025-eng\/\" \/>\n<meta property=\"og:site_name\" content=\"AIPC \u2013 Associa\u00e7\u00e3o Nacional das Ind\u00fastrias Processadoras de Cacau\" \/>\n<meta property=\"article:modified_time\" content=\"2025-08-21T13:24:03+00:00\" \/>\n<meta name=\"twitter:card\" content=\"summary_large_image\" \/>\n<meta name=\"twitter:label1\" content=\"Est. reading time\" \/>\n\t<meta name=\"twitter:data1\" content=\"1 minute\" \/>\n<script type=\"application\/ld+json\" class=\"yoast-schema-graph\">{\"@context\":\"https:\/\/schema.org\",\"@graph\":[{\"@type\":\"WebPage\",\"@id\":\"https:\/\/aipc.com.br\/revista-aipc-especial-partnership-meeting-2025-eng\/\",\"url\":\"https:\/\/aipc.com.br\/revista-aipc-especial-partnership-meeting-2025-eng\/\",\"name\":\"AIPC Magazine - Special Partnership Meeting 2025 - AIPC \u2013 Associa\u00e7\u00e3o Nacional das Ind\u00fastrias Processadoras de Cacau\",\"isPartOf\":{\"@id\":\"https:\/\/aipc.com.br\/#website\"},\"datePublished\":\"2025-08-21T13:23:08+00:00\",\"dateModified\":\"2025-08-21T13:24:03+00:00\",\"breadcrumb\":{\"@id\":\"https:\/\/aipc.com.br\/revista-aipc-especial-partnership-meeting-2025-eng\/#breadcrumb\"},\"inLanguage\":\"en-US\",\"potentialAction\":[{\"@type\":\"ReadAction\",\"target\":[\"https:\/\/aipc.com.br\/revista-aipc-especial-partnership-meeting-2025-eng\/\"]}]},{\"@type\":\"BreadcrumbList\",\"@id\":\"https:\/\/aipc.com.br\/revista-aipc-especial-partnership-meeting-2025-eng\/#breadcrumb\",\"itemListElement\":[{\"@type\":\"ListItem\",\"position\":1,\"name\":\"In\u00edcio\",\"item\":\"https:\/\/aipc.com.br\/\"},{\"@type\":\"ListItem\",\"position\":2,\"name\":\"AIPC Magazine &#8211; Special Partnership Meeting 2025\"}]},{\"@type\":\"WebSite\",\"@id\":\"https:\/\/aipc.com.br\/#website\",\"url\":\"https:\/\/aipc.com.br\/\",\"name\":\"AIPC\",\"description\":\"\",\"publisher\":{\"@id\":\"https:\/\/aipc.com.br\/#organization\"},\"potentialAction\":[{\"@type\":\"SearchAction\",\"target\":{\"@type\":\"EntryPoint\",\"urlTemplate\":\"https:\/\/aipc.com.br\/?s={search_term_string}\"},\"query-input\":{\"@type\":\"PropertyValueSpecification\",\"valueRequired\":true,\"valueName\":\"search_term_string\"}}],\"inLanguage\":\"en-US\"},{\"@type\":\"Organization\",\"@id\":\"https:\/\/aipc.com.br\/#organization\",\"name\":\"AIPC\",\"url\":\"https:\/\/aipc.com.br\/\",\"logo\":{\"@type\":\"ImageObject\",\"inLanguage\":\"en-US\",\"@id\":\"https:\/\/aipc.com.br\/#\/schema\/logo\/image\/\",\"url\":\"http:\/\/dev.aipc.com.br\/wp-content\/uploads\/2021\/02\/Logotipo-AIPC_2-1.png\",\"contentUrl\":\"http:\/\/dev.aipc.com.br\/wp-content\/uploads\/2021\/02\/Logotipo-AIPC_2-1.png\",\"width\":2676,\"height\":2480,\"caption\":\"AIPC\"},\"image\":{\"@id\":\"https:\/\/aipc.com.br\/#\/schema\/logo\/image\/\"}}]}<\/script>\n<!-- \/ Yoast SEO plugin. -->","yoast_head_json":{"title":"AIPC Magazine - Special Partnership Meeting 2025 - AIPC \u2013 Associa\u00e7\u00e3o Nacional das Ind\u00fastrias Processadoras de Cacau","robots":{"index":"index","follow":"follow","max-snippet":"max-snippet:-1","max-image-preview":"max-image-preview:large","max-video-preview":"max-video-preview:-1"},"canonical":"https:\/\/aipc.com.br\/en\/revista-aipc-especial-partnership-meeting-2025-eng\/","og_locale":"en_US","og_type":"article","og_title":"AIPC Magazine - Special Partnership Meeting 2025 - AIPC \u2013 Associa\u00e7\u00e3o Nacional das Ind\u00fastrias Processadoras de Cacau","og_url":"https:\/\/aipc.com.br\/en\/revista-aipc-especial-partnership-meeting-2025-eng\/","og_site_name":"AIPC \u2013 Associa\u00e7\u00e3o Nacional das Ind\u00fastrias Processadoras de Cacau","article_modified_time":"2025-08-21T13:24:03+00:00","twitter_card":"summary_large_image","twitter_misc":{"Est. reading time":"1 minute"},"schema":{"@context":"https:\/\/schema.org","@graph":[{"@type":"WebPage","@id":"https:\/\/aipc.com.br\/revista-aipc-especial-partnership-meeting-2025-eng\/","url":"https:\/\/aipc.com.br\/revista-aipc-especial-partnership-meeting-2025-eng\/","name":"AIPC Magazine - Special Partnership Meeting 2025 - AIPC \u2013 Associa\u00e7\u00e3o Nacional das Ind\u00fastrias Processadoras de Cacau","isPartOf":{"@id":"https:\/\/aipc.com.br\/#website"},"datePublished":"2025-08-21T13:23:08+00:00","dateModified":"2025-08-21T13:24:03+00:00","breadcrumb":{"@id":"https:\/\/aipc.com.br\/revista-aipc-especial-partnership-meeting-2025-eng\/#breadcrumb"},"inLanguage":"en-US","potentialAction":[{"@type":"ReadAction","target":["https:\/\/aipc.com.br\/revista-aipc-especial-partnership-meeting-2025-eng\/"]}]},{"@type":"BreadcrumbList","@id":"https:\/\/aipc.com.br\/revista-aipc-especial-partnership-meeting-2025-eng\/#breadcrumb","itemListElement":[{"@type":"ListItem","position":1,"name":"In\u00edcio","item":"https:\/\/aipc.com.br\/"},{"@type":"ListItem","position":2,"name":"AIPC Magazine &#8211; Special Partnership Meeting 2025"}]},{"@type":"WebSite","@id":"https:\/\/aipc.com.br\/#website","url":"https:\/\/aipc.com.br\/","name":"AIPC","description":"","publisher":{"@id":"https:\/\/aipc.com.br\/#organization"},"potentialAction":[{"@type":"SearchAction","target":{"@type":"EntryPoint","urlTemplate":"https:\/\/aipc.com.br\/?s={search_term_string}"},"query-input":{"@type":"PropertyValueSpecification","valueRequired":true,"valueName":"search_term_string"}}],"inLanguage":"en-US"},{"@type":"Organization","@id":"https:\/\/aipc.com.br\/#organization","name":"AIPC","url":"https:\/\/aipc.com.br\/","logo":{"@type":"ImageObject","inLanguage":"en-US","@id":"https:\/\/aipc.com.br\/#\/schema\/logo\/image\/","url":"http:\/\/dev.aipc.com.br\/wp-content\/uploads\/2021\/02\/Logotipo-AIPC_2-1.png","contentUrl":"http:\/\/dev.aipc.com.br\/wp-content\/uploads\/2021\/02\/Logotipo-AIPC_2-1.png","width":2676,"height":2480,"caption":"AIPC"},"image":{"@id":"https:\/\/aipc.com.br\/#\/schema\/logo\/image\/"}}]}},"_links":{"self":[{"href":"https:\/\/aipc.com.br\/en\/wp-json\/wp\/v2\/pages\/6090","targetHints":{"allow":["GET"]}}],"collection":[{"href":"https:\/\/aipc.com.br\/en\/wp-json\/wp\/v2\/pages"}],"about":[{"href":"https:\/\/aipc.com.br\/en\/wp-json\/wp\/v2\/types\/page"}],"author":[{"embeddable":true,"href":"https:\/\/aipc.com.br\/en\/wp-json\/wp\/v2\/users\/1"}],"replies":[{"embeddable":true,"href":"https:\/\/aipc.com.br\/en\/wp-json\/wp\/v2\/comments?post=6090"}],"version-history":[{"count":3,"href":"https:\/\/aipc.com.br\/en\/wp-json\/wp\/v2\/pages\/6090\/revisions"}],"predecessor-version":[{"id":6093,"href":"https:\/\/aipc.com.br\/en\/wp-json\/wp\/v2\/pages\/6090\/revisions\/6093"}],"wp:attachment":[{"href":"https:\/\/aipc.com.br\/en\/wp-json\/wp\/v2\/media?parent=6090"}],"curies":[{"name":"wp","href":"https:\/\/api.w.org\/{rel}","templated":true}]}}